{"id":564,"date":"2021-09-08T02:27:02","date_gmt":"2021-09-08T02:27:02","guid":{"rendered":"https:\/\/dearklairsvn.com\/product\/klairs-freshly-juiced-vitamin-e-mask-2\/"},"modified":"2026-01-09T07:53:48","modified_gmt":"2026-01-09T07:53:48","slug":"klairs-mat-na-ngu-duong-sang-da-freshly-juiced-vitamin-e-mask-2","status":"publish","type":"product","link":"https:\/\/dearklairsvn.com\/en\/product\/klairs-mat-na-ngu-duong-sang-da-freshly-juiced-vitamin-e-mask-2\/","title":{"rendered":"M\u1eb7t n\u1ea1 ng\u1ee7 d\u01b0\u1ee1ng s\u00e1ng da Dear, Klairs Freshly Juiced Vitamin E Mask"},"content":{"rendered":"<h3 style=\"text-align: center;\">TH\u00d4NG TIN S\u1ea2N PH\u1ea8M<\/h3>\n<table style=\"border-collapse: collapse; width: 100%; height: 154px;\">\n<tbody>\n<tr style=\"height: 24px;\">\n<td style=\"width: 17.2862%; height: 24px;\">Xu\u1ea5t x\u1ee9<\/td>\n<td style=\"width: 82.7138%; height: 24px;\">H\u00e0n Qu\u1ed1c<\/td>\n<\/tr>\n<tr style=\"height: 24px;\">\n<td style=\"width: 17.2862%; height: 24px;\">Type \/ Volume<\/td>\n<td style=\"width: 82.7138%; height: 24px;\">Sleeping Mask \/ 90ml \/ 15ml<\/td>\n<\/tr>\n<tr style=\"height: 24px;\">\n<td style=\"width: 17.2862%; height: 24px;\">Th\u00e0nh ph\u1ea7n ch\u00ednh<\/td>\n<td style=\"width: 82.7138%; height: 24px;\">Tocopheryl Acetate (Vitamin E), Niacinamide, Adenosine, Sodium Hyaluronate<\/td>\n<\/tr>\n<tr style=\"height: 24px;\">\n<td style=\"width: 17.2862%; height: 24px;\">K\u1ebft c\u1ea5u<\/td>\n<td style=\"width: 82.7138%; height: 24px;\">M\u1ec1m m\u1ecbn, pudding-alike, tan v\u00e0o da nhanh ch\u00f3ng<\/td>\n<\/tr>\n<tr style=\"height: 24px;\">\n<td style=\"width: 17.2862%; height: 24px;\">\u0110i\u1ec3m kh\u00e1c bi\u1ec7t<\/td>\n<td style=\"width: 82.7138%; height: 24px;\"><span style=\"font-weight: 400;\">&#8211; S\u1ef1 k\u1ebft h\u1ee3p c\u1ee7a <\/span><b>Vitamin E v\u00e0 Niacinamide<\/b><span style=\"font-weight: 400;\"> cho t\u00e1c d\u1ee5ng ch\u1ed1ng oxy h\u00f3a v\u00e0 l\u00e0m s\u00e1ng<\/span><span style=\"font-weight: 400;\">, c\u1ea3i thi\u1ec7n n\u1ebfp nh\u0103n v\u00e0 ng\u0103n ng\u1eeba c\u00e1c d\u1ea5u hi\u1ec7u l\u00e3o h\u00f3a.<\/span><\/p>\n<p><span style=\"font-weight: 400;\">&#8211; <\/span><b>Vitamin E<\/b> <span style=\"font-weight: 400;\">ng\u0103n ch\u1eb7n c\u00e1c ch\u1ea5t l\u1ea1 c\u00f3 th\u1ec3 th\u00fac \u0111\u1ea9y qu\u00e1 tr\u00ecnh l\u00e3o h\u00f3a x\u00e2m nh\u1eadp, l\u00e0m m\u1ec1m da, l\u00e0m d\u1ecbu vi\u00eam v\u00e0 b\u1ea3o v\u1ec7 da kh\u1ecfi t\u00e1c h\u1ea1i c\u1ee7a \u00e1nh n\u1eafng m\u1eb7t tr\u1eddi.<\/span><\/p>\n<p><span style=\"font-weight: 400;\">&#8211; <\/span><b>Niacinamide<\/b><span style=\"font-weight: 400;\"> ng\u0103n ti\u1ebft b\u00e3 nh\u1eddn gi\u00fap da c\u00e2n b\u1eb1ng \u0111\u1ed3ng th\u1eddi \u1ed5n \u0111\u1ecbnh vitamin C, khi\u1ebfn m\u1eb7t n\u1ea1 vitamin E tr\u1edf th\u00e0nh si\u00eau sao khi s\u1eed d\u1ee5ng v\u1edbi c\u00e1c s\u1ea3n ph\u1ea9m vitamin C.<\/span><\/p>\n<p><span style=\"font-weight: 400;\">&#8211; <\/span><b>Adenosine<\/b><span style=\"font-weight: 400;\"> th\u00fac \u0111\u1ea9y t\u1ed5ng h\u1ee3p collagen, ch\u1ed1ng vi\u00eam m\u1ea1nh m\u1ebd, ch\u1eefa l\u00e0nh v\u00e0 t\u00e1i t\u1ea1o v\u1ebft th\u01b0\u01a1ng, \u0111\u1ed3ng th\u1eddi c\u1ea3i thi\u1ec7n hi\u1ec7u qu\u1ea3 t\u00ecnh tr\u1ea1ng m\u1ee5n tr\u1ee9ng c\u00e1 do da nh\u1eddn g\u00e2y ra.<\/span><\/td>\n<\/tr>\n<tr style=\"height: 10px;\">\n<td style=\"width: 17.2862%; height: 10px;\">G\u1ee3i \u00fd cho<\/td>\n<td style=\"width: 82.7138%; height: 10px;\">M\u1ecdi lo\u1ea1i da, \u0111\u1eb7c bi\u1ec7t l\u00e0 l\u00e0n da:<\/p>\n<p>&#8211; Mu\u1ed1n ng\u0103n ng\u1eeba l\u00e3o h\u00f3a v\u00e0 c\u1ea3i thi\u1ec7n n\u1ebfp nh\u0103n<\/p>\n<p>&#8211; Kh\u00f4 x\u1ec9n m\u00e0u<\/p>\n<p>&#8211; C\u1ea7n l\u00e0m s\u00e1ng v\u00e0 c\u1ea5p n\u01b0\u1edbc<\/td>\n<\/tr>\n<tr style=\"height: 24px;\">\n<td style=\"width: 17.2862%; height: 24px;\">H\u01b0\u1edbng d\u1eabn s\u1eed d\u1ee5ng<\/td>\n<td style=\"width: 82.7138%; height: 24px;\">\u1ede b\u01b0\u1edbc cu\u1ed1i c\u00f9ng c\u1ee7a qu\u00e1 tr\u00ecnh ch\u0103m s\u00f3c da, thoa m\u1ed9t l\u01b0\u1ee3ng v\u1eeba \u0111\u1ee7 l\u00ean da<\/p>\n<p><strong>Pro-tip:<\/strong> S\u1eed d\u1ee5ng v\u00e0o ban ng\u00e0y \u0111\u1ec3 b\u1ea3o v\u1ec7 da kh\u1ecfi t\u00e1c h\u1ea1i c\u1ee7a tia UV v\u00e0 s\u1eed d\u1ee5ng v\u00e0o ban \u0111\u00eam \u0111\u1ec3 c\u1ea3i thi\u1ec7n n\u1ebfp nh\u0103n v\u00e0 t\u00e1i t\u1ea1o da.<\/td>\n<\/tr>\n<\/tbody>\n<\/table>\n<p>&nbsp;<\/p>\n","protected":false},"excerpt":{"rendered":"<p>S\u1ef1 k\u1ebft h\u1ee3p c\u1ee7a Vitamin E v\u00e0 Niacinamide cho t\u00e1c d\u1ee5ng ch\u1ed1ng oxy h\u00f3a v\u00e0 l\u00e0m s\u00e1ng, c\u1ea3i thi\u1ec7n n\u1ebfp nh\u0103n v\u00e0 ng\u0103n ng\u1eeba c\u00e1c d\u1ea5u hi\u1ec7u l\u00e3o h\u00f3a.<\/p>\n","protected":false},"featured_media":2486,"comment_status":"open","ping_status":"closed","template":"","meta":[],"product_cat":[106],"product_tag":[],"yoast_head":"<!-- This site is optimized with the Yoast SEO plugin v17.4 - https:\/\/yoast.com\/wordpress\/plugins\/seo\/ -->\n<title>M\u1eb7t n\u1ea1 ng\u1ee7 d\u01b0\u1ee1ng s\u00e1ng da Dear, Klairs Freshly Juiced Vitamin E Mask - KLAIRS VI\u1ec6T NAM<\/title>\n<meta name=\"robots\" content=\"index, follow, max-snippet:-1, max-image-preview:large, max-video-preview:-1\" \/>\n<link rel=\"canonical\" href=\"https:\/\/dearklairsvn.com\/en\/product\/klairs-mat-na-ngu-duong-sang-da-freshly-juiced-vitamin-e-mask-2\/\" \/>\n<meta property=\"og:locale\" content=\"en_US\" \/>\n<meta property=\"og:type\" content=\"article\" \/>\n<meta property=\"og:title\" content=\"M\u1eb7t n\u1ea1 ng\u1ee7 d\u01b0\u1ee1ng s\u00e1ng da Dear, Klairs Freshly Juiced Vitamin E Mask - KLAIRS VI\u1ec6T NAM\" \/>\n<meta property=\"og:description\" content=\"S\u1ef1 k\u1ebft h\u1ee3p c\u1ee7a Vitamin E v\u00e0 Niacinamide cho t\u00e1c d\u1ee5ng ch\u1ed1ng oxy h\u00f3a v\u00e0 l\u00e0m s\u00e1ng, c\u1ea3i thi\u1ec7n n\u1ebfp nh\u0103n v\u00e0 ng\u0103n ng\u1eeba c\u00e1c d\u1ea5u hi\u1ec7u l\u00e3o h\u00f3a.\" \/>\n<meta property=\"og:url\" content=\"https:\/\/dearklairsvn.com\/en\/product\/klairs-mat-na-ngu-duong-sang-da-freshly-juiced-vitamin-e-mask-2\/\" \/>\n<meta property=\"og:site_name\" content=\"KLAIRS VI\u1ec6T NAM\" \/>\n<meta property=\"article:modified_time\" content=\"2026-01-09T07:53:48+00:00\" \/>\n<meta property=\"og:image\" content=\"https:\/\/dearklairsvn.com\/wp-content\/uploads\/2022\/08\/mask-ngu-vitamin-c.png\" \/>\n\t<meta property=\"og:image:width\" content=\"1000\" \/>\n\t<meta property=\"og:image:height\" content=\"1000\" \/>\n<meta name=\"twitter:card\" content=\"summary_large_image\" \/>\n<meta name=\"twitter:label1\" content=\"Est. reading time\" \/>\n\t<meta name=\"twitter:data1\" content=\"2 minutes\" \/>\n<script type=\"application\/ld+json\" class=\"yoast-schema-graph\">{\"@context\":\"https:\/\/schema.org\",\"@graph\":[{\"@type\":\"WebSite\",\"@id\":\"https:\/\/dearklairsvn.com\/#website\",\"url\":\"https:\/\/dearklairsvn.com\/\",\"name\":\"KLAIRS VI\\u1ec6T NAM\",\"description\":\"Simple, but Enough\",\"potentialAction\":[{\"@type\":\"SearchAction\",\"target\":{\"@type\":\"EntryPoint\",\"urlTemplate\":\"https:\/\/dearklairsvn.com\/?s={search_term_string}\"},\"query-input\":\"required name=search_term_string\"}],\"inLanguage\":\"en\"},{\"@type\":\"ImageObject\",\"@id\":\"https:\/\/dearklairsvn.com\/en\/product\/klairs-mat-na-ngu-duong-sang-da-freshly-juiced-vitamin-e-mask-2\/#primaryimage\",\"inLanguage\":\"en\",\"url\":\"https:\/\/dearklairsvn.com\/wp-content\/uploads\/2022\/08\/mask-ngu-vitamin-c.png\",\"contentUrl\":\"https:\/\/dearklairsvn.com\/wp-content\/uploads\/2022\/08\/mask-ngu-vitamin-c.png\",\"width\":1000,\"height\":1000},{\"@type\":\"WebPage\",\"@id\":\"https:\/\/dearklairsvn.com\/en\/product\/klairs-mat-na-ngu-duong-sang-da-freshly-juiced-vitamin-e-mask-2\/#webpage\",\"url\":\"https:\/\/dearklairsvn.com\/en\/product\/klairs-mat-na-ngu-duong-sang-da-freshly-juiced-vitamin-e-mask-2\/\",\"name\":\"M\\u1eb7t n\\u1ea1 ng\\u1ee7 d\\u01b0\\u1ee1ng s\\u00e1ng da Dear, Klairs Freshly Juiced Vitamin E Mask - KLAIRS VI\\u1ec6T NAM\",\"isPartOf\":{\"@id\":\"https:\/\/dearklairsvn.com\/#website\"},\"primaryImageOfPage\":{\"@id\":\"https:\/\/dearklairsvn.com\/en\/product\/klairs-mat-na-ngu-duong-sang-da-freshly-juiced-vitamin-e-mask-2\/#primaryimage\"},\"datePublished\":\"2021-09-08T02:27:02+00:00\",\"dateModified\":\"2026-01-09T07:53:48+00:00\",\"breadcrumb\":{\"@id\":\"https:\/\/dearklairsvn.com\/en\/product\/klairs-mat-na-ngu-duong-sang-da-freshly-juiced-vitamin-e-mask-2\/#breadcrumb\"},\"inLanguage\":\"en\",\"potentialAction\":[{\"@type\":\"ReadAction\",\"target\":[\"https:\/\/dearklairsvn.com\/en\/product\/klairs-mat-na-ngu-duong-sang-da-freshly-juiced-vitamin-e-mask-2\/\"]}]},{\"@type\":\"BreadcrumbList\",\"@id\":\"https:\/\/dearklairsvn.com\/en\/product\/klairs-mat-na-ngu-duong-sang-da-freshly-juiced-vitamin-e-mask-2\/#breadcrumb\",\"itemListElement\":[{\"@type\":\"ListItem\",\"position\":1,\"name\":\"Home\",\"item\":\"https:\/\/dearklairsvn.com\/en\/\"},{\"@type\":\"ListItem\",\"position\":2,\"name\":\"Shop\",\"item\":\"https:\/\/dearklairsvn.com\/shop\/\"},{\"@type\":\"ListItem\",\"position\":3,\"name\":\"M\\u1eb7t n\\u1ea1 ng\\u1ee7 d\\u01b0\\u1ee1ng s\\u00e1ng da Dear, Klairs Freshly Juiced Vitamin E Mask\"}]}]}<\/script>\n<!-- \/ Yoast SEO plugin. -->","yoast_head_json":{"title":"M\u1eb7t n\u1ea1 ng\u1ee7 d\u01b0\u1ee1ng s\u00e1ng da Dear, Klairs Freshly Juiced Vitamin E Mask - KLAIRS VI\u1ec6T NAM","robots":{"index":"index","follow":"follow","max-snippet":"max-snippet:-1","max-image-preview":"max-image-preview:large","max-video-preview":"max-video-preview:-1"},"canonical":"https:\/\/dearklairsvn.com\/en\/product\/klairs-mat-na-ngu-duong-sang-da-freshly-juiced-vitamin-e-mask-2\/","og_locale":"en_US","og_type":"article","og_title":"M\u1eb7t n\u1ea1 ng\u1ee7 d\u01b0\u1ee1ng s\u00e1ng da Dear, Klairs Freshly Juiced Vitamin E Mask - KLAIRS VI\u1ec6T NAM","og_description":"S\u1ef1 k\u1ebft h\u1ee3p c\u1ee7a Vitamin E v\u00e0 Niacinamide cho t\u00e1c d\u1ee5ng ch\u1ed1ng oxy h\u00f3a v\u00e0 l\u00e0m s\u00e1ng, c\u1ea3i thi\u1ec7n n\u1ebfp nh\u0103n v\u00e0 ng\u0103n ng\u1eeba c\u00e1c d\u1ea5u hi\u1ec7u l\u00e3o h\u00f3a.","og_url":"https:\/\/dearklairsvn.com\/en\/product\/klairs-mat-na-ngu-duong-sang-da-freshly-juiced-vitamin-e-mask-2\/","og_site_name":"KLAIRS VI\u1ec6T NAM","article_modified_time":"2026-01-09T07:53:48+00:00","og_image":[{"width":1000,"height":1000,"url":"https:\/\/dearklairsvn.com\/wp-content\/uploads\/2022\/08\/mask-ngu-vitamin-c.png","type":"image\/png"}],"twitter_card":"summary_large_image","twitter_misc":{"Est. reading time":"2 minutes"},"schema":{"@context":"https:\/\/schema.org","@graph":[{"@type":"WebSite","@id":"https:\/\/dearklairsvn.com\/#website","url":"https:\/\/dearklairsvn.com\/","name":"KLAIRS VI\u1ec6T NAM","description":"Simple, but Enough","potentialAction":[{"@type":"SearchAction","target":{"@type":"EntryPoint","urlTemplate":"https:\/\/dearklairsvn.com\/?s={search_term_string}"},"query-input":"required name=search_term_string"}],"inLanguage":"en"},{"@type":"ImageObject","@id":"https:\/\/dearklairsvn.com\/en\/product\/klairs-mat-na-ngu-duong-sang-da-freshly-juiced-vitamin-e-mask-2\/#primaryimage","inLanguage":"en","url":"https:\/\/dearklairsvn.com\/wp-content\/uploads\/2022\/08\/mask-ngu-vitamin-c.png","contentUrl":"https:\/\/dearklairsvn.com\/wp-content\/uploads\/2022\/08\/mask-ngu-vitamin-c.png","width":1000,"height":1000},{"@type":"WebPage","@id":"https:\/\/dearklairsvn.com\/en\/product\/klairs-mat-na-ngu-duong-sang-da-freshly-juiced-vitamin-e-mask-2\/#webpage","url":"https:\/\/dearklairsvn.com\/en\/product\/klairs-mat-na-ngu-duong-sang-da-freshly-juiced-vitamin-e-mask-2\/","name":"M\u1eb7t n\u1ea1 ng\u1ee7 d\u01b0\u1ee1ng s\u00e1ng da Dear, Klairs Freshly Juiced Vitamin E Mask - KLAIRS VI\u1ec6T NAM","isPartOf":{"@id":"https:\/\/dearklairsvn.com\/#website"},"primaryImageOfPage":{"@id":"https:\/\/dearklairsvn.com\/en\/product\/klairs-mat-na-ngu-duong-sang-da-freshly-juiced-vitamin-e-mask-2\/#primaryimage"},"datePublished":"2021-09-08T02:27:02+00:00","dateModified":"2026-01-09T07:53:48+00:00","breadcrumb":{"@id":"https:\/\/dearklairsvn.com\/en\/product\/klairs-mat-na-ngu-duong-sang-da-freshly-juiced-vitamin-e-mask-2\/#breadcrumb"},"inLanguage":"en","potentialAction":[{"@type":"ReadAction","target":["https:\/\/dearklairsvn.com\/en\/product\/klairs-mat-na-ngu-duong-sang-da-freshly-juiced-vitamin-e-mask-2\/"]}]},{"@type":"BreadcrumbList","@id":"https:\/\/dearklairsvn.com\/en\/product\/klairs-mat-na-ngu-duong-sang-da-freshly-juiced-vitamin-e-mask-2\/#breadcrumb","itemListElement":[{"@type":"ListItem","position":1,"name":"Home","item":"https:\/\/dearklairsvn.com\/en\/"},{"@type":"ListItem","position":2,"name":"Shop","item":"https:\/\/dearklairsvn.com\/shop\/"},{"@type":"ListItem","position":3,"name":"M\u1eb7t n\u1ea1 ng\u1ee7 d\u01b0\u1ee1ng s\u00e1ng da Dear, Klairs Freshly Juiced Vitamin E Mask"}]}]}},"_links":{"self":[{"href":"https:\/\/dearklairsvn.com\/en\/wp-json\/wp\/v2\/product\/564"}],"collection":[{"href":"https:\/\/dearklairsvn.com\/en\/wp-json\/wp\/v2\/product"}],"about":[{"href":"https:\/\/dearklairsvn.com\/en\/wp-json\/wp\/v2\/types\/product"}],"replies":[{"embeddable":true,"href":"https:\/\/dearklairsvn.com\/en\/wp-json\/wp\/v2\/comments?post=564"}],"wp:featuredmedia":[{"embeddable":true,"href":"https:\/\/dearklairsvn.com\/en\/wp-json\/wp\/v2\/media\/2486"}],"wp:attachment":[{"href":"https:\/\/dearklairsvn.com\/en\/wp-json\/wp\/v2\/media?parent=564"}],"wp:term":[{"taxonomy":"product_cat","embeddable":true,"href":"https:\/\/dearklairsvn.com\/en\/wp-json\/wp\/v2\/product_cat?post=564"},{"taxonomy":"product_tag","embeddable":true,"href":"https:\/\/dearklairsvn.com\/en\/wp-json\/wp\/v2\/product_tag?post=564"}],"curies":[{"name":"wp","href":"https:\/\/api.w.org\/{rel}","templated":true}]}}