{"id":565,"date":"2021-09-08T02:26:58","date_gmt":"2021-09-08T02:26:58","guid":{"rendered":"https:\/\/dearklairsvn.com\/product\/midnight-blue-calming-cream-30ml\/"},"modified":"2026-01-09T07:54:22","modified_gmt":"2026-01-09T07:54:22","slug":"dear-klairs-midnight-blue-calming-cream-30g","status":"publish","type":"product","link":"https:\/\/dearklairsvn.com\/en\/product\/dear-klairs-midnight-blue-calming-cream-30g\/","title":{"rendered":"Kem d\u01b0\u1ee1ng ph\u1ee5c h\u1ed3i Midnight Blue Calming Cream 30g (h\u0169 th\u1ee7y tinh)"},"content":{"rendered":"<h3 style=\"text-align: center;\">TH\u00d4NG TIN S\u1ea2N PH\u1ea8M<\/h3>\n<table style=\"border-collapse: collapse; width: 100%; height: 154px;\">\n<tbody>\n<tr style=\"height: 24px;\">\n<td style=\"width: 17.2862%; height: 24px;\">Xu\u1ea5t x\u1ee9<\/td>\n<td style=\"width: 82.7138%; height: 24px;\">H\u00e0n Qu\u1ed1c<\/td>\n<\/tr>\n<tr style=\"height: 24px;\">\n<td style=\"width: 17.2862%; height: 24px;\">Type \/ Volume<\/td>\n<td style=\"width: 82.7138%; height: 24px;\">Cream \/ 30ml \/ 60ml<\/td>\n<\/tr>\n<tr style=\"height: 24px;\">\n<td style=\"width: 17.2862%; height: 24px;\">Th\u00e0nh ph\u1ea7n ch\u00ednh<\/td>\n<td style=\"width: 82.7138%; height: 24px;\">Guaiazulene, chi\u1ebft xu\u1ea5t Rau M\u00e1, Ceramide, d\u1ea7u Argan<\/td>\n<\/tr>\n<tr style=\"height: 24px;\">\n<td style=\"width: 17.2862%; height: 24px;\">K\u1ebft c\u1ea5u<\/td>\n<td style=\"width: 82.7138%; height: 24px;\">M\u00e0u xanh m\u00e1t m\u1eaft, Cream butter &#8211; m\u1ecfng nh\u1eb9, d\u1ea1ng kem nh\u01b0ng th\u1ea5m v\u00e0 tan nhanh tr\u00ean da<\/td>\n<\/tr>\n<tr style=\"height: 24px;\">\n<td style=\"width: 17.2862%; height: 24px;\">\u0110i\u1ec3m kh\u00e1c bi\u1ec7t<\/td>\n<td style=\"width: 82.7138%; height: 24px;\"><span style=\"font-weight: 400;\">&#8211; <\/span><b>Guaiazulene<\/b><span style=\"font-weight: 400;\">, m\u1ed9t th\u00e0nh ph\u1ea7n t\u1ef1 nhi\u00ean \u0111\u01b0\u1ee3c chi\u1ebft xu\u1ea5t t\u1eeb \u200b\u200bd\u1ea7u hoa C\u00fac l\u00e0m d\u1ecbu da m\u1ea1nh m\u1ebd, c\u00f3 t\u00e1c d\u1ee5ng ch\u1ed1ng vi\u00eam \u0111\u1ec3 \u0111i\u1ec1u tr\u1ecb k\u00edch \u1ee9ng &amp; b\u1ecfng da<\/span><\/p>\n<p><span style=\"font-weight: 400;\">&#8211; <\/span><b>Butylene Glycol, Glycerin v\u00e0 Sodium Hyaluronate<\/b><span style=\"font-weight: 400;\"> cung c\u1ea5p v\u00e0 duy tr\u00ec \u0111\u1ed9 \u1ea9m c\u1ea7n thi\u1ebft cho l\u00e0n da su\u1ed1t ng\u00e0y d\u00e0i.<\/span><\/p>\n<p><span style=\"font-weight: 400;\">&#8211; <\/span><b>Chi\u1ebft xu\u1ea5t Rau M\u00e1<\/b><span style=\"font-weight: 400;\"> gi\u00fap hydrat h\u00f3a v\u00e0 gi\u1ea3m m\u1ea9n \u0111\u1ecf do ti\u1ebfp x\u00fac v\u1edbi \u00e1nh n\u1eafng m\u1eb7t tr\u1eddi ho\u1eb7c k\u00edch \u1ee9ng<\/span><\/p>\n<p><span style=\"font-weight: 400;\">&#8211; Ph\u1ee5c h\u1ed3i da nh\u1ea1y c\u1ea3m sau n\u1eb7n m\u1ee5n ho\u1eb7c laser, d\u1ecb \u1ee9ng v\u1edbi th\u1eddi ti\u1ebft ho\u1eb7c ngu\u1ed3n n\u01b0\u1edbc<\/span><\/td>\n<\/tr>\n<tr style=\"height: 10px;\">\n<td style=\"width: 17.2862%; height: 10px;\">G\u1ee3i \u00fd cho<\/td>\n<td style=\"width: 82.7138%; height: 10px;\">T\u1ea5t c\u1ea3, \u0111\u1eb7c bi\u1ec7t l\u00e0 da nh\u1ea1y c\u1ea3m, c\u1ea7n \u0111i\u1ec1u tr\u1ecb do da b\u1ecb k\u00edch \u1ee9ng. Ph\u1ee5c h\u1ed3i da sau t\u1ed5n th\u01b0\u01a1ng (n\u1eb7n m\u1ee5n, laser, kem tr\u1ed9n, d\u00f9ng treatment)<\/td>\n<\/tr>\n<tr style=\"height: 24px;\">\n<td style=\"width: 17.2862%; height: 24px;\">H\u01b0\u1edbng d\u1eabn s\u1eed d\u1ee5ng<\/td>\n<td style=\"width: 82.7138%; height: 24px;\"><span style=\"font-weight: 400;\">\u1ede b\u01b0\u1edbc cu\u1ed1i c\u00f9ng c\u1ee7a qu\u00e1 tr\u00ecnh ch\u0103m s\u00f3c da, thoa m\u1ed9t l\u01b0\u1ee3ng v\u1eeba \u0111\u1ee7 l\u00ean da<\/span><\/td>\n<\/tr>\n<\/tbody>\n<\/table>\n<p>&nbsp;<\/p>\n","protected":false},"excerpt":{"rendered":"<p>Guaiazulene, m\u1ed9t th\u00e0nh ph\u1ea7n t\u1ef1 nhi\u00ean \u0111\u01b0\u1ee3c chi\u1ebft xu\u1ea5t t\u1eeb \u200b\u200bd\u1ea7u hoa C\u00fac l\u00e0m d\u1ecbu da m\u1ea1nh m\u1ebd, c\u00f3 t\u00e1c d\u1ee5ng ch\u1ed1ng vi\u00eam \u0111\u1ec3 \u0111i\u1ec1u tr\u1ecb k\u00edch \u1ee9ng &amp; b\u1ecfng da.<\/p>\n","protected":false},"featured_media":2424,"comment_status":"open","ping_status":"closed","template":"","meta":[],"product_cat":[75],"product_tag":[],"yoast_head":"<!-- This site is optimized with the Yoast SEO plugin v17.4 - https:\/\/yoast.com\/wordpress\/plugins\/seo\/ -->\n<title>Kem d\u01b0\u1ee1ng ph\u1ee5c h\u1ed3i Midnight Blue Calming Cream 30g (h\u0169 th\u1ee7y tinh) - KLAIRS VI\u1ec6T NAM<\/title>\n<meta name=\"robots\" content=\"index, follow, max-snippet:-1, max-image-preview:large, max-video-preview:-1\" \/>\n<link rel=\"canonical\" href=\"https:\/\/dearklairsvn.com\/en\/product\/dear-klairs-midnight-blue-calming-cream-30g\/\" \/>\n<meta property=\"og:locale\" content=\"en_US\" \/>\n<meta property=\"og:type\" content=\"article\" \/>\n<meta property=\"og:title\" content=\"Kem d\u01b0\u1ee1ng ph\u1ee5c h\u1ed3i Midnight Blue Calming Cream 30g (h\u0169 th\u1ee7y tinh) - KLAIRS VI\u1ec6T NAM\" \/>\n<meta property=\"og:description\" content=\"Guaiazulene, m\u1ed9t th\u00e0nh ph\u1ea7n t\u1ef1 nhi\u00ean \u0111\u01b0\u1ee3c chi\u1ebft xu\u1ea5t t\u1eeb \u200b\u200bd\u1ea7u hoa C\u00fac l\u00e0m d\u1ecbu da m\u1ea1nh m\u1ebd, c\u00f3 t\u00e1c d\u1ee5ng ch\u1ed1ng vi\u00eam \u0111\u1ec3 \u0111i\u1ec1u tr\u1ecb k\u00edch \u1ee9ng &amp; b\u1ecfng da.\" \/>\n<meta property=\"og:url\" content=\"https:\/\/dearklairsvn.com\/en\/product\/dear-klairs-midnight-blue-calming-cream-30g\/\" \/>\n<meta property=\"og:site_name\" content=\"KLAIRS VI\u1ec6T NAM\" \/>\n<meta property=\"article:modified_time\" content=\"2026-01-09T07:54:22+00:00\" \/>\n<meta property=\"og:image\" content=\"https:\/\/dearklairsvn.com\/wp-content\/uploads\/2022\/08\/Copy-of-Template-package-.png\" \/>\n\t<meta property=\"og:image:width\" content=\"2040\" \/>\n\t<meta property=\"og:image:height\" content=\"2040\" \/>\n<meta name=\"twitter:card\" content=\"summary_large_image\" \/>\n<meta name=\"twitter:label1\" content=\"Est. reading time\" \/>\n\t<meta name=\"twitter:data1\" content=\"1 minute\" \/>\n<script type=\"application\/ld+json\" class=\"yoast-schema-graph\">{\"@context\":\"https:\/\/schema.org\",\"@graph\":[{\"@type\":\"WebSite\",\"@id\":\"https:\/\/dearklairsvn.com\/#website\",\"url\":\"https:\/\/dearklairsvn.com\/\",\"name\":\"KLAIRS VI\\u1ec6T NAM\",\"description\":\"Simple, but Enough\",\"potentialAction\":[{\"@type\":\"SearchAction\",\"target\":{\"@type\":\"EntryPoint\",\"urlTemplate\":\"https:\/\/dearklairsvn.com\/?s={search_term_string}\"},\"query-input\":\"required name=search_term_string\"}],\"inLanguage\":\"en\"},{\"@type\":\"ImageObject\",\"@id\":\"https:\/\/dearklairsvn.com\/en\/product\/dear-klairs-midnight-blue-calming-cream-30g\/#primaryimage\",\"inLanguage\":\"en\",\"url\":\"https:\/\/dearklairsvn.com\/wp-content\/uploads\/2022\/08\/Copy-of-Template-package-.png\",\"contentUrl\":\"https:\/\/dearklairsvn.com\/wp-content\/uploads\/2022\/08\/Copy-of-Template-package-.png\",\"width\":2040,\"height\":2040},{\"@type\":\"WebPage\",\"@id\":\"https:\/\/dearklairsvn.com\/en\/product\/dear-klairs-midnight-blue-calming-cream-30g\/#webpage\",\"url\":\"https:\/\/dearklairsvn.com\/en\/product\/dear-klairs-midnight-blue-calming-cream-30g\/\",\"name\":\"Kem d\\u01b0\\u1ee1ng ph\\u1ee5c h\\u1ed3i Midnight Blue Calming Cream 30g (h\\u0169 th\\u1ee7y tinh) - KLAIRS VI\\u1ec6T NAM\",\"isPartOf\":{\"@id\":\"https:\/\/dearklairsvn.com\/#website\"},\"primaryImageOfPage\":{\"@id\":\"https:\/\/dearklairsvn.com\/en\/product\/dear-klairs-midnight-blue-calming-cream-30g\/#primaryimage\"},\"datePublished\":\"2021-09-08T02:26:58+00:00\",\"dateModified\":\"2026-01-09T07:54:22+00:00\",\"breadcrumb\":{\"@id\":\"https:\/\/dearklairsvn.com\/en\/product\/dear-klairs-midnight-blue-calming-cream-30g\/#breadcrumb\"},\"inLanguage\":\"en\",\"potentialAction\":[{\"@type\":\"ReadAction\",\"target\":[\"https:\/\/dearklairsvn.com\/en\/product\/dear-klairs-midnight-blue-calming-cream-30g\/\"]}]},{\"@type\":\"BreadcrumbList\",\"@id\":\"https:\/\/dearklairsvn.com\/en\/product\/dear-klairs-midnight-blue-calming-cream-30g\/#breadcrumb\",\"itemListElement\":[{\"@type\":\"ListItem\",\"position\":1,\"name\":\"Home\",\"item\":\"https:\/\/dearklairsvn.com\/en\/\"},{\"@type\":\"ListItem\",\"position\":2,\"name\":\"Shop\",\"item\":\"https:\/\/dearklairsvn.com\/shop\/\"},{\"@type\":\"ListItem\",\"position\":3,\"name\":\"Kem d\\u01b0\\u1ee1ng ph\\u1ee5c h\\u1ed3i Midnight Blue Calming Cream 30g (h\\u0169 th\\u1ee7y tinh)\"}]}]}<\/script>\n<!-- \/ Yoast SEO plugin. -->","yoast_head_json":{"title":"Kem d\u01b0\u1ee1ng ph\u1ee5c h\u1ed3i Midnight Blue Calming Cream 30g (h\u0169 th\u1ee7y tinh) - KLAIRS VI\u1ec6T NAM","robots":{"index":"index","follow":"follow","max-snippet":"max-snippet:-1","max-image-preview":"max-image-preview:large","max-video-preview":"max-video-preview:-1"},"canonical":"https:\/\/dearklairsvn.com\/en\/product\/dear-klairs-midnight-blue-calming-cream-30g\/","og_locale":"en_US","og_type":"article","og_title":"Kem d\u01b0\u1ee1ng ph\u1ee5c h\u1ed3i Midnight Blue Calming Cream 30g (h\u0169 th\u1ee7y tinh) - KLAIRS VI\u1ec6T NAM","og_description":"Guaiazulene, m\u1ed9t th\u00e0nh ph\u1ea7n t\u1ef1 nhi\u00ean \u0111\u01b0\u1ee3c chi\u1ebft xu\u1ea5t t\u1eeb \u200b\u200bd\u1ea7u hoa C\u00fac l\u00e0m d\u1ecbu da m\u1ea1nh m\u1ebd, c\u00f3 t\u00e1c d\u1ee5ng ch\u1ed1ng vi\u00eam \u0111\u1ec3 \u0111i\u1ec1u tr\u1ecb k\u00edch \u1ee9ng &amp; b\u1ecfng da.","og_url":"https:\/\/dearklairsvn.com\/en\/product\/dear-klairs-midnight-blue-calming-cream-30g\/","og_site_name":"KLAIRS VI\u1ec6T NAM","article_modified_time":"2026-01-09T07:54:22+00:00","og_image":[{"width":2040,"height":2040,"url":"https:\/\/dearklairsvn.com\/wp-content\/uploads\/2022\/08\/Copy-of-Template-package-.png","type":"image\/png"}],"twitter_card":"summary_large_image","twitter_misc":{"Est. reading time":"1 minute"},"schema":{"@context":"https:\/\/schema.org","@graph":[{"@type":"WebSite","@id":"https:\/\/dearklairsvn.com\/#website","url":"https:\/\/dearklairsvn.com\/","name":"KLAIRS VI\u1ec6T NAM","description":"Simple, but Enough","potentialAction":[{"@type":"SearchAction","target":{"@type":"EntryPoint","urlTemplate":"https:\/\/dearklairsvn.com\/?s={search_term_string}"},"query-input":"required name=search_term_string"}],"inLanguage":"en"},{"@type":"ImageObject","@id":"https:\/\/dearklairsvn.com\/en\/product\/dear-klairs-midnight-blue-calming-cream-30g\/#primaryimage","inLanguage":"en","url":"https:\/\/dearklairsvn.com\/wp-content\/uploads\/2022\/08\/Copy-of-Template-package-.png","contentUrl":"https:\/\/dearklairsvn.com\/wp-content\/uploads\/2022\/08\/Copy-of-Template-package-.png","width":2040,"height":2040},{"@type":"WebPage","@id":"https:\/\/dearklairsvn.com\/en\/product\/dear-klairs-midnight-blue-calming-cream-30g\/#webpage","url":"https:\/\/dearklairsvn.com\/en\/product\/dear-klairs-midnight-blue-calming-cream-30g\/","name":"Kem d\u01b0\u1ee1ng ph\u1ee5c h\u1ed3i Midnight Blue Calming Cream 30g (h\u0169 th\u1ee7y tinh) - KLAIRS VI\u1ec6T NAM","isPartOf":{"@id":"https:\/\/dearklairsvn.com\/#website"},"primaryImageOfPage":{"@id":"https:\/\/dearklairsvn.com\/en\/product\/dear-klairs-midnight-blue-calming-cream-30g\/#primaryimage"},"datePublished":"2021-09-08T02:26:58+00:00","dateModified":"2026-01-09T07:54:22+00:00","breadcrumb":{"@id":"https:\/\/dearklairsvn.com\/en\/product\/dear-klairs-midnight-blue-calming-cream-30g\/#breadcrumb"},"inLanguage":"en","potentialAction":[{"@type":"ReadAction","target":["https:\/\/dearklairsvn.com\/en\/product\/dear-klairs-midnight-blue-calming-cream-30g\/"]}]},{"@type":"BreadcrumbList","@id":"https:\/\/dearklairsvn.com\/en\/product\/dear-klairs-midnight-blue-calming-cream-30g\/#breadcrumb","itemListElement":[{"@type":"ListItem","position":1,"name":"Home","item":"https:\/\/dearklairsvn.com\/en\/"},{"@type":"ListItem","position":2,"name":"Shop","item":"https:\/\/dearklairsvn.com\/shop\/"},{"@type":"ListItem","position":3,"name":"Kem d\u01b0\u1ee1ng ph\u1ee5c h\u1ed3i Midnight Blue Calming Cream 30g (h\u0169 th\u1ee7y tinh)"}]}]}},"_links":{"self":[{"href":"https:\/\/dearklairsvn.com\/en\/wp-json\/wp\/v2\/product\/565"}],"collection":[{"href":"https:\/\/dearklairsvn.com\/en\/wp-json\/wp\/v2\/product"}],"about":[{"href":"https:\/\/dearklairsvn.com\/en\/wp-json\/wp\/v2\/types\/product"}],"replies":[{"embeddable":true,"href":"https:\/\/dearklairsvn.com\/en\/wp-json\/wp\/v2\/comments?post=565"}],"wp:featuredmedia":[{"embeddable":true,"href":"https:\/\/dearklairsvn.com\/en\/wp-json\/wp\/v2\/media\/2424"}],"wp:attachment":[{"href":"https:\/\/dearklairsvn.com\/en\/wp-json\/wp\/v2\/media?parent=565"}],"wp:term":[{"taxonomy":"product_cat","embeddable":true,"href":"https:\/\/dearklairsvn.com\/en\/wp-json\/wp\/v2\/product_cat?post=565"},{"taxonomy":"product_tag","embeddable":true,"href":"https:\/\/dearklairsvn.com\/en\/wp-json\/wp\/v2\/product_tag?post=565"}],"curies":[{"name":"wp","href":"https:\/\/api.w.org\/{rel}","templated":true}]}}