{"id":567,"date":"2021-09-08T02:25:41","date_gmt":"2021-09-08T02:25:41","guid":{"rendered":"https:\/\/dearklairsvn.com\/product\/klairs-supper-preparation-unscented-toner-3\/"},"modified":"2026-01-09T07:55:36","modified_gmt":"2026-01-09T07:55:36","slug":"toner-quoc-dan-supple-preparation-unscented-toner","status":"publish","type":"product","link":"https:\/\/dearklairsvn.com\/en\/product\/toner-quoc-dan-supple-preparation-unscented-toner\/","title":{"rendered":"Toner Qu\u1ed1c d\u00e2n Dear, Klairs Supple Preparation Unscented Toner"},"content":{"rendered":"<h3 style=\"text-align: center;\">TH\u00d4NG TIN S\u1ea2N PH\u1ea8M<\/h3>\n<table style=\"border-collapse: collapse; width: 100%; height: 140px;\">\n<tbody>\n<tr style=\"height: 24px;\">\n<td style=\"width: 17.3586%; height: 24px;\">Xu\u1ea5t x\u1ee9<\/td>\n<td style=\"width: 82.6414%; height: 24px;\">H\u00e0n Qu\u1ed1c<\/td>\n<\/tr>\n<tr style=\"height: 24px;\">\n<td style=\"width: 17.3586%; height: 24px;\">Type \/ Volume<\/td>\n<td style=\"width: 82.6414%; height: 24px;\">Toner \/ 180ml \/ 30ml<\/td>\n<\/tr>\n<tr style=\"height: 24px;\">\n<td style=\"width: 17.3586%; height: 10px;\">Th\u00e0nh ph\u1ea7n ch\u00ednh<\/td>\n<td style=\"width: 82.6414%; height: 10px;\">Sodium Hyaluronate, Panthenol, Beta-Glucan, Centella Asiatica Extract, Glycyrrhiza Glabra (Licorice) Root Extract<\/td>\n<\/tr>\n<tr style=\"height: 24px;\">\n<td style=\"width: 17.3586%; height: 24px;\">K\u1ebft c\u1ea5u<\/td>\n<td style=\"width: 82.6414%; height: 24px;\">S\u00e1nh nh\u1eb9, th\u1ea5m nhanh<\/td>\n<\/tr>\n<tr style=\"height: 24px;\">\n<td style=\"width: 17.3586%; height: 24px;\">\u0110i\u1ec3m kh\u00e1c bi\u1ec7t<\/td>\n<td style=\"width: 82.6414%; height: 24px;\">&#8211; Toner l\u00e0nh t\u00ednh cho m\u1ecdi l\u00e0n da, \u0111\u1eb7c bi\u1ec7t nh\u1eefng l\u00e0n da nh\u1ea1y c\u1ea3m nh\u1ea5t.<\/p>\n<p>&#8211; C\u00f4ng th\u1ee9c 4 Kh\u00f4ng: Kh\u00f4ng d\u1ea7u, kh\u00f4ng c\u1ed3n, kh\u00f4ng paraben, kh\u00f4ng h\u01b0\u01a1ng li\u1ec7u.<\/p>\n<p>&#8211; Phyto-Oligo (t\u1ebf b\u00e0o g\u1ed1c th\u1ef1c v\u1eadt) d\u01b0\u1ee1ng \u1ea9m to\u00e0n di\u1ec7n v\u00e0 gi\u1ea3i quy\u1ebft t\u00ecnh tr\u1ea1ng kh\u00f4 da<br \/>\n&#8211; Axit Amin t\u1eeb L\u00faa M\u00ec gi\u1ea3m vi\u00eam nhi\u1ec5m tr\u00ean da.<br \/>\n&#8211; K\u00e9o d\u00e0i \u0111\u1ed9 \u1ea9m h\u01a1n 20% so v\u1edbi c\u00e1c lo\u1ea1i Toner th\u00f4ng th\u01b0\u1eddng v\u1edbi Axit Hyaluronic v\u00e0 Beta-glucan.<br \/>\n&#8211; V\u1edbi c\u00e1c chi\u1ebft xu\u1ea5t t\u1eeb \u200b\u200bth\u1ef1c v\u1eadt v\u00e0 c\u00e1c th\u00e0nh ph\u1ea7n l\u00e0m d\u1ecbu, toner d\u01b0\u1ee1ng \u1ea9m d\u1ecbu nh\u1eb9, kh\u00f4ng g\u00e2y k\u00edch \u1ee9ng cho m\u1ecdi lo\u1ea1i da, ngay c\u1ea3 \u0111\u1ed1i v\u1edbi nh\u1eefng l\u00e0n da nh\u1ea1y c\u1ea3m nh\u1ea5t.<\/td>\n<\/tr>\n<tr style=\"height: 10px;\">\n<td style=\"width: 17.3586%; height: 10px;\">G\u1ee3i \u00fd cho<\/td>\n<td style=\"width: 82.6414%; height: 10px;\"><span style=\"font-weight: 400;\">T\u1ea5t c\u1ea3 c\u00e1c l\u00e0n da, \u0111\u1eb7c bi\u1ec7t l\u00e0 da nh\u1ea1y c\u1ea3m<\/span><\/td>\n<\/tr>\n<tr style=\"height: 24px;\">\n<td style=\"width: 17.3586%; height: 24px;\">H\u01b0\u1edbng d\u1eabn s\u1eed d\u1ee5ng<\/td>\n<td style=\"width: 82.6414%; height: 24px;\"><span style=\"font-weight: 400;\">Sau b\u01b0\u1edbc r\u1eeda m\u1eb7t, \u0111\u1ed5 m\u1ed9t l\u01b0\u1ee3ng nh\u1ecf ra mi\u1ebfng b\u00f4ng t\u1ea9y trang v\u00e0 nh\u1eb9 nh\u00e0ng thoa l\u00ean to\u00e0n b\u1ed9 khu\u00f4n m\u1eb7t, v\u00f9ng c\u1ed5, kh\u00f4ng c\u1ea7n r\u1eeda l\u1ea1i. Ti\u1ebfp t\u1ee5c d\u00f9ng c\u00e1c b\u01b0\u1edbc d\u01b0\u1ee1ng sau \u0111\u00f3.<\/span><\/td>\n<\/tr>\n<\/tbody>\n<\/table>\n<p>&nbsp;<\/p>\n","protected":false},"excerpt":{"rendered":"<p>Toner Qu\u1ed1c d\u00e2n kh\u00f4ng m\u00f9i \u0111\u1ea1t 5 tri\u1ec7u l\u01b0\u1ee3t b\u00e1n tr\u00ean to\u00e0n c\u1ea7u. L\u00e0nh t\u00ednh cho m\u1ecdi l\u00e0n da, \u0111\u1eb7c bi\u1ec7t ph\u00f9 h\u1ee3p da nh\u1ea1y c\u1ea3m.<\/p>\n","protected":false},"featured_media":2464,"comment_status":"open","ping_status":"closed","template":"","meta":[],"product_cat":[93],"product_tag":[],"yoast_head":"<!-- This site is optimized with the Yoast SEO plugin v17.4 - https:\/\/yoast.com\/wordpress\/plugins\/seo\/ -->\n<title>Toner Qu\u1ed1c d\u00e2n Dear, Klairs Supple Preparation Unscented Toner<\/title>\n<meta name=\"description\" content=\"Toner l\u00e0nh t\u00ednh cho m\u1ecdi l\u00e0n da, \u0111\u1eb7c bi\u1ec7t nh\u1eefng l\u00e0n da nh\u1ea1y c\u1ea3m nh\u1ea5t, nh\u01b0 da m\u1ee5n, da \u0111ang k\u00edch \u1ee9ng,...Chi\u1ebft xu\u1ea5t l\u00e0nh t\u00ednh t\u1eeb th\u1ef1c v\u1eadt\" \/>\n<meta name=\"robots\" content=\"index, follow, max-snippet:-1, max-image-preview:large, max-video-preview:-1\" \/>\n<link rel=\"canonical\" href=\"https:\/\/dearklairsvn.com\/en\/product\/toner-quoc-dan-supple-preparation-unscented-toner\/\" \/>\n<meta property=\"og:locale\" content=\"en_US\" \/>\n<meta property=\"og:type\" content=\"article\" \/>\n<meta property=\"og:title\" content=\"Toner qu\u1ed1c d\u00e2n kh\u00f4ng m\u00f9i Dear, Klairs Unscented Toner\" \/>\n<meta property=\"og:description\" content=\"Toner l\u00e0nh t\u00ednh cho m\u1ecdi l\u00e0n da, \u0111\u1eb7c bi\u1ec7t nh\u1eefng l\u00e0n da nh\u1ea1y c\u1ea3m nh\u1ea5t, nh\u01b0 da m\u1ee5n, da \u0111ang k\u00edch \u1ee9ng,...Chi\u1ebft xu\u1ea5t l\u00e0nh t\u00ednh t\u1eeb th\u1ef1c v\u1eadt\" \/>\n<meta property=\"og:url\" content=\"https:\/\/dearklairsvn.com\/en\/product\/toner-quoc-dan-supple-preparation-unscented-toner\/\" \/>\n<meta property=\"og:site_name\" content=\"KLAIRS VI\u1ec6T NAM\" \/>\n<meta property=\"article:modified_time\" content=\"2026-01-09T07:55:36+00:00\" \/>\n<meta property=\"og:image\" content=\"https:\/\/dearklairsvn.com\/wp-content\/uploads\/2022\/08\/toner-ko-mui-180ml.png\" \/>\n\t<meta property=\"og:image:width\" content=\"1000\" \/>\n\t<meta property=\"og:image:height\" content=\"1000\" \/>\n<meta name=\"twitter:card\" content=\"summary_large_image\" \/>\n<meta name=\"twitter:label1\" content=\"Est. reading time\" \/>\n\t<meta name=\"twitter:data1\" content=\"1 minute\" \/>\n<script type=\"application\/ld+json\" class=\"yoast-schema-graph\">{\"@context\":\"https:\/\/schema.org\",\"@graph\":[{\"@type\":\"WebSite\",\"@id\":\"https:\/\/dearklairsvn.com\/#website\",\"url\":\"https:\/\/dearklairsvn.com\/\",\"name\":\"KLAIRS VI\\u1ec6T NAM\",\"description\":\"Simple, but Enough\",\"potentialAction\":[{\"@type\":\"SearchAction\",\"target\":{\"@type\":\"EntryPoint\",\"urlTemplate\":\"https:\/\/dearklairsvn.com\/?s={search_term_string}\"},\"query-input\":\"required name=search_term_string\"}],\"inLanguage\":\"en\"},{\"@type\":\"ImageObject\",\"@id\":\"https:\/\/dearklairsvn.com\/en\/product\/toner-quoc-dan-supple-preparation-unscented-toner\/#primaryimage\",\"inLanguage\":\"en\",\"url\":\"https:\/\/dearklairsvn.com\/wp-content\/uploads\/2022\/08\/toner-ko-mui-180ml.png\",\"contentUrl\":\"https:\/\/dearklairsvn.com\/wp-content\/uploads\/2022\/08\/toner-ko-mui-180ml.png\",\"width\":1000,\"height\":1000},{\"@type\":\"WebPage\",\"@id\":\"https:\/\/dearklairsvn.com\/en\/product\/toner-quoc-dan-supple-preparation-unscented-toner\/#webpage\",\"url\":\"https:\/\/dearklairsvn.com\/en\/product\/toner-quoc-dan-supple-preparation-unscented-toner\/\",\"name\":\"Toner Qu\\u1ed1c d\\u00e2n Dear, Klairs Supple Preparation Unscented Toner\",\"isPartOf\":{\"@id\":\"https:\/\/dearklairsvn.com\/#website\"},\"primaryImageOfPage\":{\"@id\":\"https:\/\/dearklairsvn.com\/en\/product\/toner-quoc-dan-supple-preparation-unscented-toner\/#primaryimage\"},\"datePublished\":\"2021-09-08T02:25:41+00:00\",\"dateModified\":\"2026-01-09T07:55:36+00:00\",\"description\":\"Toner l\\u00e0nh t\\u00ednh cho m\\u1ecdi l\\u00e0n da, \\u0111\\u1eb7c bi\\u1ec7t nh\\u1eefng l\\u00e0n da nh\\u1ea1y c\\u1ea3m nh\\u1ea5t, nh\\u01b0 da m\\u1ee5n, da \\u0111ang k\\u00edch \\u1ee9ng,...Chi\\u1ebft xu\\u1ea5t l\\u00e0nh t\\u00ednh t\\u1eeb th\\u1ef1c v\\u1eadt\",\"breadcrumb\":{\"@id\":\"https:\/\/dearklairsvn.com\/en\/product\/toner-quoc-dan-supple-preparation-unscented-toner\/#breadcrumb\"},\"inLanguage\":\"en\",\"potentialAction\":[{\"@type\":\"ReadAction\",\"target\":[\"https:\/\/dearklairsvn.com\/en\/product\/toner-quoc-dan-supple-preparation-unscented-toner\/\"]}]},{\"@type\":\"BreadcrumbList\",\"@id\":\"https:\/\/dearklairsvn.com\/en\/product\/toner-quoc-dan-supple-preparation-unscented-toner\/#breadcrumb\",\"itemListElement\":[{\"@type\":\"ListItem\",\"position\":1,\"name\":\"Home\",\"item\":\"https:\/\/dearklairsvn.com\/en\/\"},{\"@type\":\"ListItem\",\"position\":2,\"name\":\"Shop\",\"item\":\"https:\/\/dearklairsvn.com\/shop\/\"},{\"@type\":\"ListItem\",\"position\":3,\"name\":\"Toner Qu\\u1ed1c d\\u00e2n Dear, Klairs Supple Preparation Unscented Toner\"}]}]}<\/script>\n<!-- \/ Yoast SEO plugin. -->","yoast_head_json":{"title":"Toner Qu\u1ed1c d\u00e2n Dear, Klairs Supple Preparation Unscented Toner","description":"Toner l\u00e0nh t\u00ednh cho m\u1ecdi l\u00e0n da, \u0111\u1eb7c bi\u1ec7t nh\u1eefng l\u00e0n da nh\u1ea1y c\u1ea3m nh\u1ea5t, nh\u01b0 da m\u1ee5n, da \u0111ang k\u00edch \u1ee9ng,...Chi\u1ebft xu\u1ea5t l\u00e0nh t\u00ednh t\u1eeb th\u1ef1c v\u1eadt","robots":{"index":"index","follow":"follow","max-snippet":"max-snippet:-1","max-image-preview":"max-image-preview:large","max-video-preview":"max-video-preview:-1"},"canonical":"https:\/\/dearklairsvn.com\/en\/product\/toner-quoc-dan-supple-preparation-unscented-toner\/","og_locale":"en_US","og_type":"article","og_title":"Toner qu\u1ed1c d\u00e2n kh\u00f4ng m\u00f9i Dear, Klairs Unscented Toner","og_description":"Toner l\u00e0nh t\u00ednh cho m\u1ecdi l\u00e0n da, \u0111\u1eb7c bi\u1ec7t nh\u1eefng l\u00e0n da nh\u1ea1y c\u1ea3m nh\u1ea5t, nh\u01b0 da m\u1ee5n, da \u0111ang k\u00edch \u1ee9ng,...Chi\u1ebft xu\u1ea5t l\u00e0nh t\u00ednh t\u1eeb th\u1ef1c v\u1eadt","og_url":"https:\/\/dearklairsvn.com\/en\/product\/toner-quoc-dan-supple-preparation-unscented-toner\/","og_site_name":"KLAIRS VI\u1ec6T NAM","article_modified_time":"2026-01-09T07:55:36+00:00","og_image":[{"width":1000,"height":1000,"url":"https:\/\/dearklairsvn.com\/wp-content\/uploads\/2022\/08\/toner-ko-mui-180ml.png","type":"image\/png"}],"twitter_card":"summary_large_image","twitter_misc":{"Est. reading time":"1 minute"},"schema":{"@context":"https:\/\/schema.org","@graph":[{"@type":"WebSite","@id":"https:\/\/dearklairsvn.com\/#website","url":"https:\/\/dearklairsvn.com\/","name":"KLAIRS VI\u1ec6T NAM","description":"Simple, but Enough","potentialAction":[{"@type":"SearchAction","target":{"@type":"EntryPoint","urlTemplate":"https:\/\/dearklairsvn.com\/?s={search_term_string}"},"query-input":"required name=search_term_string"}],"inLanguage":"en"},{"@type":"ImageObject","@id":"https:\/\/dearklairsvn.com\/en\/product\/toner-quoc-dan-supple-preparation-unscented-toner\/#primaryimage","inLanguage":"en","url":"https:\/\/dearklairsvn.com\/wp-content\/uploads\/2022\/08\/toner-ko-mui-180ml.png","contentUrl":"https:\/\/dearklairsvn.com\/wp-content\/uploads\/2022\/08\/toner-ko-mui-180ml.png","width":1000,"height":1000},{"@type":"WebPage","@id":"https:\/\/dearklairsvn.com\/en\/product\/toner-quoc-dan-supple-preparation-unscented-toner\/#webpage","url":"https:\/\/dearklairsvn.com\/en\/product\/toner-quoc-dan-supple-preparation-unscented-toner\/","name":"Toner Qu\u1ed1c d\u00e2n Dear, Klairs Supple Preparation Unscented Toner","isPartOf":{"@id":"https:\/\/dearklairsvn.com\/#website"},"primaryImageOfPage":{"@id":"https:\/\/dearklairsvn.com\/en\/product\/toner-quoc-dan-supple-preparation-unscented-toner\/#primaryimage"},"datePublished":"2021-09-08T02:25:41+00:00","dateModified":"2026-01-09T07:55:36+00:00","description":"Toner l\u00e0nh t\u00ednh cho m\u1ecdi l\u00e0n da, \u0111\u1eb7c bi\u1ec7t nh\u1eefng l\u00e0n da nh\u1ea1y c\u1ea3m nh\u1ea5t, nh\u01b0 da m\u1ee5n, da \u0111ang k\u00edch \u1ee9ng,...Chi\u1ebft xu\u1ea5t l\u00e0nh t\u00ednh t\u1eeb th\u1ef1c v\u1eadt","breadcrumb":{"@id":"https:\/\/dearklairsvn.com\/en\/product\/toner-quoc-dan-supple-preparation-unscented-toner\/#breadcrumb"},"inLanguage":"en","potentialAction":[{"@type":"ReadAction","target":["https:\/\/dearklairsvn.com\/en\/product\/toner-quoc-dan-supple-preparation-unscented-toner\/"]}]},{"@type":"BreadcrumbList","@id":"https:\/\/dearklairsvn.com\/en\/product\/toner-quoc-dan-supple-preparation-unscented-toner\/#breadcrumb","itemListElement":[{"@type":"ListItem","position":1,"name":"Home","item":"https:\/\/dearklairsvn.com\/en\/"},{"@type":"ListItem","position":2,"name":"Shop","item":"https:\/\/dearklairsvn.com\/shop\/"},{"@type":"ListItem","position":3,"name":"Toner Qu\u1ed1c d\u00e2n Dear, Klairs Supple Preparation Unscented Toner"}]}]}},"_links":{"self":[{"href":"https:\/\/dearklairsvn.com\/en\/wp-json\/wp\/v2\/product\/567"}],"collection":[{"href":"https:\/\/dearklairsvn.com\/en\/wp-json\/wp\/v2\/product"}],"about":[{"href":"https:\/\/dearklairsvn.com\/en\/wp-json\/wp\/v2\/types\/product"}],"replies":[{"embeddable":true,"href":"https:\/\/dearklairsvn.com\/en\/wp-json\/wp\/v2\/comments?post=567"}],"wp:featuredmedia":[{"embeddable":true,"href":"https:\/\/dearklairsvn.com\/en\/wp-json\/wp\/v2\/media\/2464"}],"wp:attachment":[{"href":"https:\/\/dearklairsvn.com\/en\/wp-json\/wp\/v2\/media?parent=567"}],"wp:term":[{"taxonomy":"product_cat","embeddable":true,"href":"https:\/\/dearklairsvn.com\/en\/wp-json\/wp\/v2\/product_cat?post=567"},{"taxonomy":"product_tag","embeddable":true,"href":"https:\/\/dearklairsvn.com\/en\/wp-json\/wp\/v2\/product_tag?post=567"}],"curies":[{"name":"wp","href":"https:\/\/api.w.org\/{rel}","templated":true}]}}